{"id":2669,"date":"2026-03-23T14:56:58","date_gmt":"2026-03-23T13:56:58","guid":{"rendered":"https:\/\/aefpi.com\/?page_id=2669"},"modified":"2026-03-24T19:54:07","modified_gmt":"2026-03-24T18:54:07","slug":"politica-de-cookies","status":"publish","type":"page","link":"https:\/\/aefpi.com\/en\/politica-de-cookies\/","title":{"rendered":"Pol\u00edtica de cookies"},"content":{"rendered":"<div data-elementor-type=\"wp-page\" data-elementor-id=\"2669\" class=\"elementor elementor-2669\">\n\t\t\t\t<div class=\"elementor-element elementor-element-5fedd0bf e-flex e-con-boxed e-con e-parent\" data-id=\"5fedd0bf\" data-element_type=\"container\" data-e-type=\"container\" data-settings=\"{&quot;background_background&quot;:&quot;classic&quot;}\">\n\t\t\t\t\t<div class=\"e-con-inner\">\n\t\t\t\t<div class=\"elementor-element elementor-element-fa20526 elementor-widget elementor-widget-heading\" data-id=\"fa20526\" data-element_type=\"widget\" data-e-type=\"widget\" data-widget_type=\"heading.default\">\n\t\t\t\t\t<h3 class=\"elementor-heading-title elementor-size-default\">POL\u00cdTICA DE COOKIES<\/h3>\t\t\t\t<\/div>\n\t\t\t\t<div class=\"elementor-element elementor-element-3065e28 elementor-widget elementor-widget-heading\" data-id=\"3065e28\" data-element_type=\"widget\" data-e-type=\"widget\" data-widget_type=\"heading.default\">\n\t\t\t\t\t<h3 class=\"elementor-heading-title elementor-size-default\">1. \u00bfQU\u00c9 SON LAS COOKIES?<\/h3>\t\t\t\t<\/div>\n\t\t\t\t<div class=\"elementor-element elementor-element-f5d0785 elementor-widget elementor-widget-text-editor\" data-id=\"f5d0785\" data-element_type=\"widget\" data-e-type=\"widget\" data-widget_type=\"text-editor.default\">\n\t\t\t\t\t\t\t\t\t<p>Las cookies son peque\u00f1os archivos de texto que se descargan en el dispositivo del usuario al acceder a determinadas p\u00e1ginas web. Su finalidad principal es reconocer al usuario cada vez que accede al sitio, permitiendo adem\u00e1s mejorar la calidad y usabilidad del mismo.<\/p><p>Las cookies no da\u00f1an el dispositivo del usuario y permiten, entre otras cosas, almacenar y recuperar informaci\u00f3n sobre los h\u00e1bitos de navegaci\u00f3n.<\/p>\t\t\t\t\t\t\t\t<\/div>\n\t\t\t\t<div class=\"elementor-element elementor-element-4e6832c elementor-widget elementor-widget-heading\" data-id=\"4e6832c\" data-element_type=\"widget\" data-e-type=\"widget\" data-widget_type=\"heading.default\">\n\t\t\t\t\t<h3 class=\"elementor-heading-title elementor-size-default\">2. \u00bfQU\u00c9 INFORMACI\u00d3N RECOPILAN LAS COOKIES?<\/h3>\t\t\t\t<\/div>\n\t\t\t\t<div class=\"elementor-element elementor-element-57f9816 elementor-widget elementor-widget-text-editor\" data-id=\"57f9816\" data-element_type=\"widget\" data-e-type=\"widget\" data-widget_type=\"text-editor.default\">\n\t\t\t\t\t\t\t\t\t<p>Las cookies pueden recopilar informaci\u00f3n como:<\/p>\t\t\t\t\t\t\t\t<\/div>\n\t\t\t\t<div class=\"elementor-element elementor-element-4837c4b elementor-widget elementor-widget-text-editor\" data-id=\"4837c4b\" data-element_type=\"widget\" data-e-type=\"widget\" data-widget_type=\"text-editor.default\">\n\t\t\t\t\t\t\t\t\t<ul><li class=\"isSelectedEnd\">Fecha y hora de visita<\/li><li class=\"isSelectedEnd\">P\u00e1ginas visitadas<\/li><li class=\"isSelectedEnd\">Tiempo de navegaci\u00f3n en el sitio web<\/li><li>Sitio desde el que accede el usuario<\/li><li>Tipo de dispositivo y navegador<\/li><\/ul>\t\t\t\t\t\t\t\t<\/div>\n\t\t\t\t<div class=\"elementor-element elementor-element-a705b67 elementor-widget elementor-widget-heading\" data-id=\"a705b67\" data-element_type=\"widget\" data-e-type=\"widget\" data-widget_type=\"heading.default\">\n\t\t\t\t\t<h3 class=\"elementor-heading-title elementor-size-default\">3. COOKIES UTILIZADAS<\/h3>\t\t\t\t<\/div>\n\t\t\t\t<div class=\"elementor-element elementor-element-01d3dde elementor-widget elementor-widget-text-editor\" data-id=\"01d3dde\" data-element_type=\"widget\" data-e-type=\"widget\" data-widget_type=\"text-editor.default\">\n\t\t\t\t\t\t\t\t\t<p>Las cookies pueden recopilar informaci\u00f3n como:<\/p>\t\t\t\t\t\t\t\t<\/div>\n\t\t\t\t<div class=\"elementor-element elementor-element-e9e00f1 elementor-widget elementor-widget-text-editor\" data-id=\"e9e00f1\" data-element_type=\"widget\" data-e-type=\"widget\" data-widget_type=\"text-editor.default\">\n\t\t\t\t\t\t\t\t\t<ul><li class=\"isSelectedEnd\">Cookies propias de WordPress<\/li><li class=\"isSelectedEnd\">Cookies de Elementor<\/li><li class=\"isSelectedEnd\">Cookies de herramientas de formularios<\/li><li>Google Analytics<\/li><\/ul>\t\t\t\t\t\t\t\t<\/div>\n\t\t\t\t<div class=\"elementor-element elementor-element-7aa051c elementor-widget elementor-widget-text-editor\" data-id=\"7aa051c\" data-element_type=\"widget\" data-e-type=\"widget\" data-widget_type=\"text-editor.default\">\n\t\t\t\t\t\t\t\t\t<p>En ning\u00fan caso permiten obtener datos personales sensibles ni acceder a informaci\u00f3n almacenada en el dispositivo.<\/p>\t\t\t\t\t\t\t\t<\/div>\n\t\t\t\t<div class=\"elementor-element elementor-element-1e8d0ef elementor-widget elementor-widget-heading\" data-id=\"1e8d0ef\" data-element_type=\"widget\" data-e-type=\"widget\" data-widget_type=\"heading.default\">\n\t\t\t\t\t<h3 class=\"elementor-heading-title elementor-size-default\">3. TIPOS DE COOKIES UTILIZADAS<\/h3>\t\t\t\t<\/div>\n\t\t\t\t<div class=\"elementor-element elementor-element-109d119 elementor-widget elementor-widget-text-editor\" data-id=\"109d119\" data-element_type=\"widget\" data-e-type=\"widget\" data-widget_type=\"text-editor.default\">\n\t\t\t\t\t\t\t\t\t<p>Este sitio web utiliza las siguientes categor\u00edas de cookies:<\/p>\t\t\t\t\t\t\t\t<\/div>\n\t\t\t\t<div class=\"elementor-element elementor-element-31b3f4d elementor-widget elementor-widget-text-editor\" data-id=\"31b3f4d\" data-element_type=\"widget\" data-e-type=\"widget\" data-widget_type=\"text-editor.default\">\n\t\t\t\t\t\t\t\t\t<ul>\n \t<li>\n<strong><a style=\"font-weight: bold;\">Cookies t\u00e9cnicas: <\/strong><\/a>\nSon necesarias para el funcionamiento del sitio web y permiten la navegaci\u00f3n y el uso de sus funcionalidades.<\/li>\n \t<li><strong><a style=\"font-weight: bold;\">Cookies de an\u00e1lisis:<\/strong><\/a>\n\nPermiten cuantificar el n\u00famero de usuarios y realizar an\u00e1lisis estad\u00edsticos del uso del sitio web.\n\nEjemplo: Google Analytics<\/li>\n \t<li><strong><a style=\"font-weight: bold;\">Cookies de personalizaci\u00f3n:<\/strong><\/a>\n\nPermiten recordar informaci\u00f3n para que el usuario acceda al servicio con determinadas caracter\u00edsticas personalizadas.<\/li>\n<\/ul>\t\t\t\t\t\t\t\t<\/div>\n\t\t\t\t<div class=\"elementor-element elementor-element-62072a8 elementor-widget elementor-widget-heading\" data-id=\"62072a8\" data-element_type=\"widget\" data-e-type=\"widget\" data-widget_type=\"heading.default\">\n\t\t\t\t\t<h3 class=\"elementor-heading-title elementor-size-default\">4. COOKIES UTILIZADAS EN ESTE SITIO WEB<\/h3>\t\t\t\t<\/div>\n\t\t\t\t<div class=\"elementor-element elementor-element-c4a65e2 elementor-widget elementor-widget-text-editor\" data-id=\"c4a65e2\" data-element_type=\"widget\" data-e-type=\"widget\" data-widget_type=\"text-editor.default\">\n\t\t\t\t\t\t\t\t\t<p>Este sitio web, desarrollado en WordPress y utilizando herramientas como Elementor, puede utilizar:<\/p>\t\t\t\t\t\t\t\t<\/div>\n\t\t\t\t<div class=\"elementor-element elementor-element-8a86d9b elementor-widget elementor-widget-text-editor\" data-id=\"8a86d9b\" data-element_type=\"widget\" data-e-type=\"widget\" data-widget_type=\"text-editor.default\">\n\t\t\t\t\t\t\t\t\t<ul><li class=\"isSelectedEnd\">Cookies propias del sistema WordPress<\/li><li class=\"isSelectedEnd\">Cookies de Elementor<\/li><li class=\"isSelectedEnd\">Cookies de formularios (captaci\u00f3n de leads)<\/li><li>Google Analytics<\/li><\/ul>\t\t\t\t\t\t\t\t<\/div>\n\t\t\t\t<div class=\"elementor-element elementor-element-e1d5067 elementor-widget elementor-widget-heading\" data-id=\"e1d5067\" data-element_type=\"widget\" data-e-type=\"widget\" data-widget_type=\"heading.default\">\n\t\t\t\t\t<h3 class=\"elementor-heading-title elementor-size-default\">5. COOKIES DE TERCEROS<\/h3>\t\t\t\t<\/div>\n\t\t\t\t<div class=\"elementor-element elementor-element-ae6ca59 elementor-widget elementor-widget-text-editor\" data-id=\"ae6ca59\" data-element_type=\"widget\" data-e-type=\"widget\" data-widget_type=\"text-editor.default\">\n\t\t\t\t\t\t\t\t\t<p>Este sitio web puede integrar funcionalidades de terceros, como redes sociales o herramientas externas.<\/p><p>Estas pueden instalar cookies propias en el navegador del usuario.<\/p><p>A modo informativo, se pueden consultar sus pol\u00edticas en:<\/p>\t\t\t\t\t\t\t\t<\/div>\n\t\t\t\t<div class=\"elementor-element elementor-element-4237a44 elementor-widget elementor-widget-text-editor\" data-id=\"4237a44\" data-element_type=\"widget\" data-e-type=\"widget\" data-widget_type=\"text-editor.default\">\n\t\t\t\t\t\t\t\t\t<ul><li class=\"isSelectedEnd\">Facebook<\/li><li class=\"isSelectedEnd\">Instagram<\/li><li class=\"isSelectedEnd\">LinkedIn<\/li><li>YouTube<\/li><\/ul>\t\t\t\t\t\t\t\t<\/div>\n\t\t\t\t<div class=\"elementor-element elementor-element-218425e elementor-widget elementor-widget-text-editor\" data-id=\"218425e\" data-element_type=\"widget\" data-e-type=\"widget\" data-widget_type=\"text-editor.default\">\n\t\t\t\t\t\t\t\t\t<p><a class=\"isSelectedEnd\"><span style=\"color: #109c6f; font-weight: bold;\"><strong>AEFPI<\/strong><\/span><\/a> no se responsabiliza del tratamiento de datos realizado por estas plataformas.<\/p>\t\t\t\t\t\t\t\t<\/div>\n\t\t\t\t<div class=\"elementor-element elementor-element-5910d8c elementor-widget elementor-widget-heading\" data-id=\"5910d8c\" data-element_type=\"widget\" data-e-type=\"widget\" data-widget_type=\"heading.default\">\n\t\t\t\t\t<h3 class=\"elementor-heading-title elementor-size-default\">6. BASE LEGAL Y CONSENTIMIENTO<\/h3>\t\t\t\t<\/div>\n\t\t\t\t<div class=\"elementor-element elementor-element-5aee3cc elementor-widget elementor-widget-text-editor\" data-id=\"5aee3cc\" data-element_type=\"widget\" data-e-type=\"widget\" data-widget_type=\"text-editor.default\">\n\t\t\t\t\t\t\t\t\t<p>El uso de cookies t\u00e9cnicas se basa en el inter\u00e9s leg\u00edtimo del sitio web.<\/p><p>El uso de cookies de an\u00e1lisis y personalizaci\u00f3n requiere el consentimiento del usuario, que ser\u00e1 solicitado mediante el banner de cookies al acceder al sitio.<\/p><p>El usuario puede aceptar, rechazar o configurar el uso de cookies en cualquier momento.<\/p>\t\t\t\t\t\t\t\t<\/div>\n\t\t\t\t<div class=\"elementor-element elementor-element-6888c3c elementor-widget elementor-widget-heading\" data-id=\"6888c3c\" data-element_type=\"widget\" data-e-type=\"widget\" data-widget_type=\"heading.default\">\n\t\t\t\t\t<h3 class=\"elementor-heading-title elementor-size-default\">7. GESTI\u00d3N, DESACTIVACI\u00d3N Y ELIMINACI\u00d3N DE COOKIES<\/h3>\t\t\t\t<\/div>\n\t\t\t\t<div class=\"elementor-element elementor-element-8993344 elementor-widget elementor-widget-text-editor\" data-id=\"8993344\" data-element_type=\"widget\" data-e-type=\"widget\" data-widget_type=\"text-editor.default\">\n\t\t\t\t\t\t\t\t\t<p>El usuario puede configurar su navegador para permitir, bloquear o eliminar las cookies instaladas.<\/p><p>Dependiendo del navegador utilizado, los pasos pueden variar:<\/p>\t\t\t\t\t\t\t\t<\/div>\n\t\t\t\t<div class=\"elementor-element elementor-element-61f78fe elementor-widget elementor-widget-text-editor\" data-id=\"61f78fe\" data-element_type=\"widget\" data-e-type=\"widget\" data-widget_type=\"text-editor.default\">\n\t\t\t\t\t\t\t\t\t<ul><li class=\"isSelectedEnd\">Google Chrome<\/li><li class=\"isSelectedEnd\">Mozilla Firefox<\/li><li class=\"isSelectedEnd\">Microsoft Edge<\/li><li>Safari<\/li><\/ul>\t\t\t\t\t\t\t\t<\/div>\n\t\t\t\t<div class=\"elementor-element elementor-element-c805e11 elementor-widget elementor-widget-text-editor\" data-id=\"c805e11\" data-element_type=\"widget\" data-e-type=\"widget\" data-widget_type=\"text-editor.default\">\n\t\t\t\t\t\t\t\t\t<p>La desactivaci\u00f3n de cookies puede afectar al correcto funcionamiento del sitio web.<\/p>\t\t\t\t\t\t\t\t<\/div>\n\t\t\t\t<div class=\"elementor-element elementor-element-ad02cbf elementor-widget elementor-widget-heading\" data-id=\"ad02cbf\" data-element_type=\"widget\" data-e-type=\"widget\" data-widget_type=\"heading.default\">\n\t\t\t\t\t<h3 class=\"elementor-heading-title elementor-size-default\">8. MODIFICACIONES<\/h3>\t\t\t\t<\/div>\n\t\t\t\t<div class=\"elementor-element elementor-element-5d43594 elementor-widget elementor-widget-text-editor\" data-id=\"5d43594\" data-element_type=\"widget\" data-e-type=\"widget\" data-widget_type=\"text-editor.default\">\n\t\t\t\t\t\t\t\t\t<p><a class=\"isSelectedEnd\"><span style=\"color: #109c6f; font-weight: bold;\"><strong>AEFPI <\/strong><\/span><\/a>podr\u00e1 modificar la presente Pol\u00edtica de Cookies en funci\u00f3n de exigencias legislativas o cambios t\u00e9cnicos en el sitio web.<\/p><p>Se recomienda revisar peri\u00f3dicamente esta pol\u00edtica.<\/p>\t\t\t\t\t\t\t\t<\/div>\n\t\t\t\t\t<\/div>\n\t\t\t\t<\/div>\n\t\t<div class=\"elementor-element elementor-element-bd0f549 e-con-full e-flex e-con e-parent\" data-id=\"bd0f549\" data-element_type=\"container\" data-e-type=\"container\">\n\t\t<div class=\"elementor-element elementor-element-bfc8474 e-con-full e-flex e-con e-child\" data-id=\"bfc8474\" data-element_type=\"container\" data-e-type=\"container\">\n\t\t<div class=\"elementor-element elementor-element-ce9b3ff e-con-full e-flex e-con e-child\" data-id=\"ce9b3ff\" data-element_type=\"container\" data-e-type=\"container\">\n\t\t<div class=\"elementor-element elementor-element-b13e10b e-con-full e-flex e-con e-child\" data-id=\"b13e10b\" data-element_type=\"container\" data-e-type=\"container\">\n\t\t<div class=\"elementor-element elementor-element-2928ad8 e-con-full e-flex e-con e-child\" data-id=\"2928ad8\" data-element_type=\"container\" data-e-type=\"container\">\n\t\t<div class=\"elementor-element elementor-element-9ebd1c2 e-con-full e-flex e-con e-child\" data-id=\"9ebd1c2\" data-element_type=\"container\" data-e-type=\"container\">\n\t\t<div class=\"elementor-element elementor-element-a4d66c1 e-con-full e-flex e-con e-child\" data-id=\"a4d66c1\" data-element_type=\"container\" data-e-type=\"container\">\n\t\t<div class=\"elementor-element elementor-element-849356f e-con-full e-flex e-con e-child\" data-id=\"849356f\" data-element_type=\"container\" data-e-type=\"container\">\n\t\t<div class=\"elementor-element elementor-element-1f0b457 e-con-full e-flex e-con e-child\" data-id=\"1f0b457\" data-element_type=\"container\" data-e-type=\"container\" data-settings=\"{&quot;background_background&quot;:&quot;gradient&quot;}\">\n\t\t<div class=\"elementor-element elementor-element-1bc5e6f e-con-full e-flex e-con e-child\" data-id=\"1bc5e6f\" data-element_type=\"container\" data-e-type=\"container\">\n\t\t\t\t<div class=\"elementor-element elementor-element-09c16bf elementor-widget elementor-widget-contact\" data-id=\"09c16bf\" data-element_type=\"widget\" data-e-type=\"widget\" data-settings=\"{&quot;box_shape&quot;:&quot;sharp&quot;}\" data-widget_type=\"contact.default\">\n\t\t\t\t<div class=\"elementor-widget-container\">\n\t\t\t\t\t\t\t<div class=\"has-shape-sharp shape-type-box ehp-contact has-preset-quick-info\">\n\t\t\t<div class=\"ehp-contact__overlay\"><\/div>\n\t\t\t<div class=\"ehp-contact__elements-container\">\n\t\t\t\t\t\t<div class=\"ehp-contact__text-container\">\n\t\t\t<div class=\"ehp-contact__headings\">\n\t\t\t\t<h2 class=\"ehp-contact__heading\">AEFPI<\/h2><p class=\"ehp-contact__description\">\u201cPromovemos una Formaci\u00f3n Profesional inclusiva y accesible para todas las personas. AEFPI, juntos por una educaci\u00f3n sin barreras.\u201d<\/p>\t\t\t<\/div>\n\t\t\t<div class=\"ehp-contact__groups\">\n\t\t\t\t\t\t<div class=\"ehp-contact__group\">\n\t\t\t\t\t<div class=\"ehp-contact__social-icons-container\">\n\t\t\t\t\t\t\t<a aria-label=\"Instagram\" class=\"ehp-contact__social-link elementor-animation-shrink\" rel=\"noopener noreferrer\" href=\"https:\/\/www.instagram.com\/\">\n\t\t\t\t\t<svg aria-hidden=\"true\" class=\"ehp-contact__contact-social-icon e-font-icon-svg e-fab-instagram\" viewbox=\"0 0 448 512\" xmlns=\"http:\/\/www.w3.org\/2000\/svg\"><path d=\"M224.1 141c-63.6 0-114.9 51.3-114.9 114.9s51.3 114.9 114.9 114.9S339 319.5 339 255.9 287.7 141 224.1 141zm0 189.6c-41.1 0-74.7-33.5-74.7-74.7s33.5-74.7 74.7-74.7 74.7 33.5 74.7 74.7-33.6 74.7-74.7 74.7zm146.4-194.3c0 14.9-12 26.8-26.8 26.8-14.9 0-26.8-12-26.8-26.8s12-26.8 26.8-26.8 26.8 12 26.8 26.8zm76.1 27.2c-1.7-35.9-9.9-67.7-36.2-93.9-26.2-26.2-58-34.4-93.9-36.2-37-2.1-147.9-2.1-184.9 0-35.8 1.7-67.6 9.9-93.9 36.1s-34.4 58-36.2 93.9c-2.1 37-2.1 147.9 0 184.9 1.7 35.9 9.9 67.7 36.2 93.9s58 34.4 93.9 36.2c37 2.1 147.9 2.1 184.9 0 35.9-1.7 67.7-9.9 93.9-36.2 26.2-26.2 34.4-58 36.2-93.9 2.1-37 2.1-147.8 0-184.8zM398.8 388c-7.8 19.6-22.9 34.7-42.6 42.6-29.5 11.7-99.5 9-132.1 9s-102.7 2.6-132.1-9c-19.6-7.8-34.7-22.9-42.6-42.6-11.7-29.5-9-99.5-9-132.1s-2.6-102.7 9-132.1c7.8-19.6 22.9-34.7 42.6-42.6 29.5-11.7 99.5-9 132.1-9s102.7-2.6 132.1 9c19.6 7.8 34.7 22.9 42.6 42.6 11.7 29.5 9 99.5 9 132.1s2.7 102.7-9 132.1z\"><\/path><\/svg>\t\t\t\t<\/a>\n\t\t\t\t\t\t\t\t<a aria-label=\"Email\" class=\"ehp-contact__social-link elementor-animation-shrink\" rel=\"noopener noreferrer\" href=\"mailto:info@aefpi.com\">\n\t\t\t\t\t<svg aria-hidden=\"true\" class=\"ehp-contact__contact-social-icon e-font-icon-svg e-far-envelope\" viewbox=\"0 0 512 512\" xmlns=\"http:\/\/www.w3.org\/2000\/svg\"><path d=\"M464 64H48C21.49 64 0 85.49 0 112v288c0 26.51 21.49 48 48 48h416c26.51 0 48-21.49 48-48V112c0-26.51-21.49-48-48-48zm0 48v40.805c-22.422 18.259-58.168 46.651-134.587 106.49-16.841 13.247-50.201 45.072-73.413 44.701-23.208.375-56.579-31.459-73.413-44.701C106.18 199.465 70.425 171.067 48 152.805V112h416zM48 400V214.398c22.914 18.251 55.409 43.862 104.938 82.646 21.857 17.205 60.134 55.186 103.062 54.955 42.717.231 80.509-37.199 103.053-54.947 49.528-38.783 82.032-64.401 104.947-82.653V400H48z\"><\/path><\/svg>\t\t\t\t<\/a>\n\t\t\t\t\t\t<\/div>\n\t\t\t\t<\/div>\n\t\t\t\t\t<\/div>\n\t\t<\/div>\n\t\t\t\t\t<\/div>\n\t\t<\/div>\n\t\t\t\t\t\t<\/div>\n\t\t\t\t<\/div>\n\t\t\t\t<div class=\"elementor-element elementor-element-4f88c51 elementor-hidden-desktop elementor-hidden-mobile elementor-widget elementor-widget-heading\" data-id=\"4f88c51\" data-element_type=\"widget\" data-e-type=\"widget\" data-widget_type=\"heading.default\">\n\t\t\t\t\t<h2 class=\"elementor-heading-title elementor-size-default\">INFORMACI\u00d3N LEGAL<\/h2>\t\t\t\t<\/div>\n\t\t\t\t<div class=\"elementor-element elementor-element-9b70df1 elementor-hidden-desktop elementor-hidden-mobile elementor-widget elementor-widget-text-editor\" data-id=\"9b70df1\" data-element_type=\"widget\" data-e-type=\"widget\" data-widget_type=\"text-editor.default\">\n\t\t\t\t\t\t\t\t\t<p><a href=\"https:\/\/aefpi.com\/aviso-legal\">Aviso Legal<\/a><\/p><p>Pol\u00edtica de Privacidad<\/p><p>Pol\u00edtica de Cookies<\/p>\t\t\t\t\t\t\t\t<\/div>\n\t\t\t\t<div class=\"elementor-element elementor-element-c14532a elementor-hidden-mobile elementor-widget elementor-widget-text-editor\" data-id=\"c14532a\" data-element_type=\"widget\" data-e-type=\"widget\" data-widget_type=\"text-editor.default\">\n\t\t\t\t\t\t\t\t\t<p>\u00a9 Copyright 2025 AEFPI. Designed by\u00a0<a href=\"http:\/\/www.rim-ic.com\/\">RIM\u00a0<strong>Inform\u00e1tica<\/strong>\u00a0S.L.<\/a><\/p>\t\t\t\t\t\t\t\t<\/div>\n\t\t\t\t<\/div>\n\t\t<div class=\"elementor-element elementor-element-30f0b5e e-con-full e-flex e-con e-child\" data-id=\"30f0b5e\" data-element_type=\"container\" data-e-type=\"container\">\n\t\t\t\t<div class=\"elementor-element elementor-element-7511f1f elementor-widget elementor-widget-heading\" data-id=\"7511f1f\" data-element_type=\"widget\" data-e-type=\"widget\" data-widget_type=\"heading.default\">\n\t\t\t\t\t<h2 class=\"elementor-heading-title elementor-size-default\">CONTACTO<\/h2>\t\t\t\t<\/div>\n\t\t\t\t<div class=\"elementor-element elementor-element-ca36e50 elementor-widget elementor-widget-text-editor\" data-id=\"ca36e50\" data-element_type=\"widget\" data-e-type=\"widget\" data-widget_type=\"text-editor.default\">\n\t\t\t\t\t\t\t\t\t<p>Misioneras Cocepcionistas,13 Algeciras.<\/p><p>C\u00e1diz Espa\u00f1a.<\/p>\t\t\t\t\t\t\t\t<\/div>\n\t\t\t\t<div class=\"elementor-element elementor-element-a85b1e7 elementor-widget elementor-widget-text-editor\" data-id=\"a85b1e7\" data-element_type=\"widget\" data-e-type=\"widget\" data-widget_type=\"text-editor.default\">\n\t\t\t\t\t\t\t\t\t<p><a href=\"tel:+34640538888\">+34 640 53 88 88<\/a><\/p>\t\t\t\t\t\t\t\t<\/div>\n\t\t\t\t<\/div>\n\t\t<div class=\"elementor-element elementor-element-28f8046 e-con-full elementor-hidden-tablet e-flex e-con e-child\" data-id=\"28f8046\" data-element_type=\"container\" data-e-type=\"container\">\n\t\t\t\t<div class=\"elementor-element elementor-element-1c7cd31 elementor-widget elementor-widget-heading\" data-id=\"1c7cd31\" data-element_type=\"widget\" data-e-type=\"widget\" data-widget_type=\"heading.default\">\n\t\t\t\t\t<h2 class=\"elementor-heading-title elementor-size-default\">INFORMACI\u00d3N LEGAL<\/h2>\t\t\t\t<\/div>\n\t\t\t\t<div class=\"elementor-element elementor-element-485cf05 elementor-widget elementor-widget-text-editor\" data-id=\"485cf05\" data-element_type=\"widget\" data-e-type=\"widget\" data-widget_type=\"text-editor.default\">\n\t\t\t\t\t\t\t\t\t<p><a href=\"https:\/\/aefpi.com\/aviso-legal\">Aviso Legal<\/a><\/p><p><a href=\"https:\/\/aefpi.com\/politica-de-privacidad\/\">Pol\u00edtica de Privacidad<\/a><\/p><p><a href=\"https:\/\/aefpi.com\/politica-de-cookies\/\">Pol\u00edtica de Cookies<\/a><\/p>\t\t\t\t\t\t\t\t<\/div>\n\t\t\t\t<div class=\"elementor-element elementor-element-4a27bcc elementor-hidden-desktop elementor-hidden-tablet elementor-widget elementor-widget-text-editor\" data-id=\"4a27bcc\" data-element_type=\"widget\" data-e-type=\"widget\" data-widget_type=\"text-editor.default\">\n\t\t\t\t\t\t\t\t\t<p>\u00a9 Copyright 2025 AEFPI. Designed by\u00a0<a href=\"http:\/\/www.rim-ic.com\/\">RIM\u00a0<strong>Inform\u00e1tica<\/strong>\u00a0S.L.<\/a><\/p>\t\t\t\t\t\t\t\t<\/div>\n\t\t\t\t<\/div>\n\t\t\t\t<\/div>\n\t\t\t\t<\/div>\n\t\t\t\t<\/div>\n\t\t\t\t<\/div>\n\t\t\t\t<\/div>\n\t\t\t\t<\/div>\n\t\t\t\t<\/div>\n\t\t\t\t<\/div>\n\t\t\t\t<\/div>\n\t\t\t\t<\/div>","protected":false},"excerpt":{"rendered":"<p>POL\u00cdTICA DE COOKIES 1. \u00bfQU\u00c9 SON LAS COOKIES? Las cookies son peque\u00f1os archivos de texto que se descargan en el dispositivo del usuario al acceder a determinadas p\u00e1ginas web. Su finalidad principal es reconocer al usuario cada vez que accede al sitio, permitiendo adem\u00e1s mejorar la calidad y usabilidad del mismo. Las cookies no da\u00f1an [&hellip;]<\/p>\n","protected":false},"author":1,"featured_media":0,"parent":0,"menu_order":0,"comment_status":"closed","ping_status":"closed","template":"","meta":{"footnotes":""},"class_list":["post-2669","page","type-page","status-publish","hentry"],"rttpg_featured_image_url":null,"rttpg_author":{"display_name":"admin3139","author_link":"https:\/\/aefpi.com\/en\/author\/admin3139\/"},"rttpg_comment":0,"rttpg_category":null,"rttpg_excerpt":"POL\u00cdTICA DE COOKIES 1. \u00bfQU\u00c9 SON LAS COOKIES? Las cookies son peque\u00f1os archivos de texto que se descargan en el dispositivo del usuario al acceder a determinadas p\u00e1ginas web. Su finalidad principal es reconocer al usuario cada vez que accede al sitio, permitiendo adem\u00e1s mejorar la calidad y usabilidad del mismo. Las cookies no da\u00f1an&hellip;","_links":{"self":[{"href":"https:\/\/aefpi.com\/en\/wp-json\/wp\/v2\/pages\/2669","targetHints":{"allow":["GET"]}}],"collection":[{"href":"https:\/\/aefpi.com\/en\/wp-json\/wp\/v2\/pages"}],"about":[{"href":"https:\/\/aefpi.com\/en\/wp-json\/wp\/v2\/types\/page"}],"author":[{"embeddable":true,"href":"https:\/\/aefpi.com\/en\/wp-json\/wp\/v2\/users\/1"}],"replies":[{"embeddable":true,"href":"https:\/\/aefpi.com\/en\/wp-json\/wp\/v2\/comments?post=2669"}],"version-history":[{"count":34,"href":"https:\/\/aefpi.com\/en\/wp-json\/wp\/v2\/pages\/2669\/revisions"}],"predecessor-version":[{"id":2922,"href":"https:\/\/aefpi.com\/en\/wp-json\/wp\/v2\/pages\/2669\/revisions\/2922"}],"wp:attachment":[{"href":"https:\/\/aefpi.com\/en\/wp-json\/wp\/v2\/media?parent=2669"}],"curies":[{"name":"wp","href":"https:\/\/api.w.org\/{rel}","templated":true}]}}