{"id":129,"date":"2025-11-04T14:26:08","date_gmt":"2025-11-04T13:26:08","guid":{"rendered":"https:\/\/aefpi.com\/contact\/"},"modified":"2026-03-24T20:04:56","modified_gmt":"2026-03-24T19:04:56","slug":"contacto","status":"publish","type":"page","link":"https:\/\/aefpi.com\/en\/contacto\/","title":{"rendered":"Contacto"},"content":{"rendered":"<div data-elementor-type=\"wp-page\" data-elementor-id=\"129\" class=\"elementor elementor-129\">\n\t\t\t\t<div class=\"elementor-element elementor-element-c693da1 e-con-full e-flex e-con e-parent\" data-id=\"c693da1\" data-element_type=\"container\" data-e-type=\"container\">\n\t\t<div class=\"elementor-element elementor-element-5f03535 e-con-full e-flex e-con e-child\" data-id=\"5f03535\" data-element_type=\"container\" data-e-type=\"container\">\n\t\t<div class=\"elementor-element elementor-element-d9a9bca e-con-full e-flex e-con e-child\" data-id=\"d9a9bca\" data-element_type=\"container\" data-e-type=\"container\" data-settings=\"{&quot;background_background&quot;:&quot;gradient&quot;,&quot;shape_divider_bottom&quot;:&quot;waves&quot;}\">\n\t\t\t\t<div class=\"elementor-shape elementor-shape-bottom\" aria-hidden=\"true\" data-negative=\"false\">\n\t\t\t<svg xmlns=\"http:\/\/www.w3.org\/2000\/svg\" viewbox=\"0 0 1000 100\" preserveaspectratio=\"none\">\n\t<path class=\"elementor-shape-fill\" d=\"M421.9,6.5c22.6-2.5,51.5,0.4,75.5,5.3c23.6,4.9,70.9,23.5,100.5,35.7c75.8,32.2,133.7,44.5,192.6,49.7\tc23.6,2.1,48.7,3.5,103.4-2.5c54.7-6,106.2-25.6,106.2-25.6V0H0v30.3c0,0,72,32.6,158.4,30.5c39.2-0.7,92.8-6.7,134-22.4\tc21.2-8.1,52.2-18.2,79.7-24.2C399.3,7.9,411.6,7.5,421.9,6.5z\"\/>\n<\/svg>\t\t<\/div>\n\t\t\t\t<div class=\"elementor-element elementor-element-3a56c97 elementor-widget elementor-widget-heading\" data-id=\"3a56c97\" data-element_type=\"widget\" data-e-type=\"widget\" data-widget_type=\"heading.default\">\n\t\t\t\t\t<h1 class=\"elementor-heading-title elementor-size-default\">Contacta con AEFPI<\/h1>\t\t\t\t<\/div>\n\t\t\t\t<div class=\"elementor-element elementor-element-c496ce4 elementor-widget elementor-widget-heading\" data-id=\"c496ce4\" data-element_type=\"widget\" data-e-type=\"widget\" data-widget_type=\"heading.default\">\n\t\t\t\t\t<h1 class=\"elementor-heading-title elementor-size-default\"> <p>Estamos aqu\u00ed para ayudarte.<\/p><\/h1>\t\t\t\t<\/div>\n\t\t\t\t<\/div>\n\t\t\t\t<\/div>\n\t\t\t\t<\/div>\n\t\t<div class=\"elementor-element elementor-element-22836ff6 e-flex e-con-boxed e-con e-parent\" data-id=\"22836ff6\" data-element_type=\"container\" data-e-type=\"container\" data-settings=\"{&quot;background_background&quot;:&quot;classic&quot;}\">\n\t\t\t\t\t<div class=\"e-con-inner\">\n\t\t<div class=\"elementor-element elementor-element-1e2b51a0 e-con-full e-flex e-con e-child\" data-id=\"1e2b51a0\" data-element_type=\"container\" data-e-type=\"container\">\n\t\t\t\t<div class=\"elementor-element elementor-element-4d7db1b elementor-widget elementor-widget-heading\" data-id=\"4d7db1b\" data-element_type=\"widget\" data-e-type=\"widget\" data-widget_type=\"heading.default\">\n\t\t\t\t\t<h3 class=\"elementor-heading-title elementor-size-default\">\u201cContacta con AEFPI \u2014 Queremos saber de ti\u201d<\/h3>\t\t\t\t<\/div>\n\t\t\t\t<div class=\"elementor-element elementor-element-18e804b elementor-widget elementor-widget-text-editor\" data-id=\"18e804b\" data-element_type=\"widget\" data-e-type=\"widget\" data-widget_type=\"text-editor.default\">\n\t\t\t\t\t\t\t\t\t<p><em data-start=\"1324\" data-end=\"1452\">\u00bfTienes una consulta, una propuesta de colaboraci\u00f3n o quieres m\u00e1s informaci\u00f3n?\u00a0<\/em><\/p>\t\t\t\t\t\t\t\t<\/div>\n\t\t\t\t<div class=\"elementor-element elementor-element-f2a085d elementor-widget elementor-widget-heading\" data-id=\"f2a085d\" data-element_type=\"widget\" data-e-type=\"widget\" data-widget_type=\"heading.default\">\n\t\t\t\t\t<h3 class=\"elementor-heading-title elementor-size-default\">Escr\u00edbenos y te responderemos lo antes posible.<\/h3>\t\t\t\t<\/div>\n\t\t\t\t<div class=\"elementor-element elementor-element-73fb7d8 elementor-widget elementor-widget-shortcode\" data-id=\"73fb7d8\" data-element_type=\"widget\" data-e-type=\"widget\" data-widget_type=\"shortcode.default\">\n\t\t\t\t\t\t\t<div class=\"elementor-shortcode\"><form id=\"forminator-module-2929\" class=\"forminator-custom-form forminator-custom-form-2929\" method=\"post\" data-forminator-render=\"0\" data-uid=\"69e732892d96e\" action=\"\"><div role=\"alert\" aria-live=\"polite\" class=\"forminator-response-message forminator-error\" aria-hidden=\"true\"><\/div><input type=\"hidden\" name=\"trp-form-language\" value=\"en\"\/><\/form><\/div>\n\t\t\t\t\t\t<\/div>\n\t\t\t\t<\/div>\n\t\t\t\t\t<\/div>\n\t\t\t\t<\/div>\n\t\t<div class=\"elementor-element elementor-element-fd1010e e-flex e-con-boxed e-con e-parent\" data-id=\"fd1010e\" data-element_type=\"container\" data-e-type=\"container\" data-settings=\"{&quot;background_background&quot;:&quot;classic&quot;}\">\n\t\t\t\t\t<div class=\"e-con-inner\">\n\t\t<div class=\"elementor-element elementor-element-038b624 e-con-full e-flex e-con e-child\" data-id=\"038b624\" data-element_type=\"container\" data-e-type=\"container\">\n\t\t\t\t<div class=\"elementor-element elementor-element-d8d7824 elementor-widget elementor-widget-heading\" data-id=\"d8d7824\" data-element_type=\"widget\" data-e-type=\"widget\" data-widget_type=\"heading.default\">\n\t\t\t\t\t<h4 class=\"elementor-heading-title elementor-size-default\">Encu\u00e9ntranos<\/h4>\t\t\t\t<\/div>\n\t\t\t\t<\/div>\n\t\t<div class=\"elementor-element elementor-element-f88a664 e-con-full e-flex e-con e-child\" data-id=\"f88a664\" data-element_type=\"container\" data-e-type=\"container\">\n\t\t<div class=\"elementor-element elementor-element-0bbd5a5 e-con-full e-flex e-con e-child\" data-id=\"0bbd5a5\" data-element_type=\"container\" data-e-type=\"container\" data-settings=\"{&quot;background_background&quot;:&quot;classic&quot;}\">\n\t\t\t\t<div class=\"elementor-element elementor-element-7b2a091 elementor-view-default elementor-position-block-start elementor-mobile-position-block-start elementor-widget elementor-widget-icon-box\" data-id=\"7b2a091\" data-element_type=\"widget\" data-e-type=\"widget\" data-widget_type=\"icon-box.default\">\n\t\t\t\t\t\t\t<div class=\"elementor-icon-box-wrapper\">\n\n\t\t\t\t\t\t<div class=\"elementor-icon-box-icon\">\n\t\t\t\t<span  class=\"elementor-icon\">\n\t\t\t\t<svg xmlns=\"http:\/\/www.w3.org\/2000\/svg\" id=\"bffe9e3b-c455-4940-8d89-69a49a55460f\" data-name=\"Layer 1\" width=\"75.0869\" height=\"66\" viewbox=\"0 0 75.0869 66\"><path id=\"b124f0a4-2d57-4ec2-a504-61dc8352ccd4\" data-name=\"Fill-1\" d=\"M53.3653,19.386c-9.8693,32.2855,6.1235,31.8329-7.1389,41.2306A29.1943,29.1943,0,0,1,5.3387,53.4179a29.7533,29.7533,0,0,1,7.1385-41.23C25.74,2.79,63.2345-12.8994,53.3653,19.386\" style=\"fill-rule:evenodd;opacity:0.05\"><\/path><path d=\"M75.0864,51.3619V16.2805l.0005-.0025-.0005-.0024V13.7721A8.7816,8.7816,0,0,0,66.3154,5H48.7714A8.7816,8.7816,0,0,0,40,13.7721v2.5032L40,16.278,40,16.2808V51.3616L40,51.3644,40,51.3671v5.01a8.7814,8.7814,0,0,0,8.771,8.771h17.544a8.7814,8.7814,0,0,0,8.771-8.771v-5.01l.0005-.0024ZM42.5054,17.531H72.58v32.58H42.5054Zm6.266-10.0249h17.544a6.2723,6.2723,0,0,1,6.265,6.266V15.025H42.5054V13.7721A6.2732,6.2732,0,0,1,48.7714,7.5061Zm17.544,55.136H48.7714a6.2723,6.2723,0,0,1-6.266-6.265v-3.76H72.58v3.76A6.2715,6.2715,0,0,1,66.3154,62.6421Z\" style=\"fill-rule:evenodd\"><\/path><path d=\"M57.5429,55.124A2.506,2.506,0,1,0,60.05,57.63,2.5086,2.5086,0,0,0,57.5429,55.124Z\" style=\"fill-rule:evenodd\"><\/path><path d=\"M53.7836,12.5188h7.519a1.253,1.253,0,0,0,0-2.506h-7.519a1.253,1.253,0,0,0,0,2.506Z\" style=\"fill-rule:evenodd\"><\/path><path d=\"M66.3651,12.5188a1.253,1.253,0,1,0,0-2.506H66.34a1.2422,1.2422,0,0,0-1.241,1.253A1.2642,1.2642,0,0,0,66.3651,12.5188Z\" style=\"fill-rule:evenodd\"><\/path><\/svg>\t\t\t\t<\/span>\n\t\t\t<\/div>\n\t\t\t\n\t\t\t\t\t\t<div class=\"elementor-icon-box-content\">\n\n\t\t\t\t\t\t\t\t\t<h3 class=\"elementor-icon-box-title\">\n\t\t\t\t\t\t<span  >\n\t\t\t\t\t\t\tLlamanos\t\t\t\t\t\t<\/span>\n\t\t\t\t\t<\/h3>\n\t\t\t\t\n\t\t\t\t\n\t\t\t<\/div>\n\t\t\t\n\t\t<\/div>\n\t\t\t\t\t\t<\/div>\n\t\t\t\t<div class=\"elementor-element elementor-element-52d40c4 elementor-widget elementor-widget-text-editor\" data-id=\"52d40c4\" data-element_type=\"widget\" data-e-type=\"widget\" data-widget_type=\"text-editor.default\">\n\t\t\t\t\t\t\t\t\t<p><a href=\"tel:+34640538888\">+34 640 53 88 88<\/a><\/p>\t\t\t\t\t\t\t\t<\/div>\n\t\t\t\t<\/div>\n\t\t<div class=\"elementor-element elementor-element-358b143 e-con-full e-flex e-con e-child\" data-id=\"358b143\" data-element_type=\"container\" data-e-type=\"container\" data-settings=\"{&quot;background_background&quot;:&quot;classic&quot;}\">\n\t\t\t\t<div class=\"elementor-element elementor-element-70155c2 elementor-view-default elementor-position-block-start elementor-mobile-position-block-start elementor-widget elementor-widget-icon-box\" data-id=\"70155c2\" data-element_type=\"widget\" data-e-type=\"widget\" data-widget_type=\"icon-box.default\">\n\t\t\t\t\t\t\t<div class=\"elementor-icon-box-wrapper\">\n\n\t\t\t\t\t\t<div class=\"elementor-icon-box-icon\">\n\t\t\t\t<span  class=\"elementor-icon\">\n\t\t\t\t<svg xmlns=\"http:\/\/www.w3.org\/2000\/svg\" id=\"b9eca3d6-28bc-461d-b7b7-78a67414a1df\" data-name=\"Layer 1\" width=\"75\" height=\"66\" viewbox=\"0 0 75 66\"><path id=\"e8e1efff-1bb1-451f-968d-97e93845e0a0\" data-name=\"Fill-1-Copy-4\" d=\"M53.3653,19.386c-9.8693,32.2855,6.1235,31.8329-7.1389,41.2306A29.1943,29.1943,0,0,1,5.3387,53.4179a29.7533,29.7533,0,0,1,7.1385-41.23C25.74,2.79,63.2345-12.8994,53.3653,19.386\" style=\"fill-rule:evenodd;opacity:0.05\"><\/path><path d=\"M74.52,9.2018a1.1278,1.1278,0,0,0-1.2084-.05l-42.75,24.75a1.1255,1.1255,0,0,0,.2074,2.0415l12.9666,4.3219,4.3228,12.9657A1.1249,1.1249,0,0,0,49.1258,54a.6243.6243,0,0,0,.07-.0027,1.1227,1.1227,0,0,0,1.0324-.9023l.2909-1.4544,5.1976-6.9316,10.9659,4.7016a1.149,1.149,0,0,0,.9778-.0467,1.1246,1.1246,0,0,0,.5727-.7936l6.7495-38.25A1.1291,1.1291,0,0,0,74.52,9.2018ZM66.964,15.4257,44.47,38.1367,33.85,34.5981ZM50.7214,40.74a1.102,1.102,0,0,0-.4491.6647L48.8529,48.5,45.957,39.8141,64.9214,20.6664Zm.7069,6.3562.7787-3.8924,1.62.6944Zm14.8352-.3147L53.1592,41.1647l18.78-26.545Z\" style=\"fill-rule:evenodd\"><\/path><path d=\"M22.9834,47.3458a1.1471,1.1471,0,0,0-1.6417,0,1.1957,1.1957,0,0,0-.0028,1.671q.844.8586,1.714,1.6739a1.15,1.15,0,0,0,1.6417-.0736,1.1976,1.1976,0,0,0-.0714-1.671C24.068,48.4313,23.5211,47.8956,22.9834,47.3458Z\" style=\"fill-rule:evenodd\"><\/path><path d=\"M38.9842,55.841l-.495.0112a14.0366,14.0366,0,0,1-2.7556-.2777,1.1066,1.1066,0,0,0-1.3042.8374,1.0772,1.0772,0,0,0,.8621,1.2694A16.4754,16.4754,0,0,0,38.4892,58l.5744-.01a1.0885,1.0885,0,0,0,1.0641-1.1143A1.148,1.148,0,0,0,38.9842,55.841Z\" style=\"fill-rule:evenodd\"><\/path><path d=\"M31.06,53.9176a26.9481,26.9481,0,0,1-2.895-1.7117,1.1225,1.1225,0,0,0-1.54.2683,1.0535,1.0535,0,0,0,.2761,1.4939,28.4675,28.4675,0,0,0,3.1394,1.854,1.1223,1.1223,0,0,0,1.49-.4568A1.0583,1.0583,0,0,0,31.06,53.9176Z\" style=\"fill-rule:evenodd\"><\/path><path d=\"M46.011,53.19a19.0115,19.0115,0,0,1-2.2052,1.1667,1.3984,1.3984,0,0,0-.7014,1.804A1.32,1.32,0,0,0,44.32,57a1.2389,1.2389,0,0,0,.5139-.111A21.1869,21.1869,0,0,0,47.35,55.5641a1.4116,1.4116,0,0,0,.4687-1.8842A1.29,1.29,0,0,0,46.011,53.19Z\" style=\"fill-rule:evenodd\"><\/path><\/svg>\t\t\t\t<\/span>\n\t\t\t<\/div>\n\t\t\t\n\t\t\t\t\t\t<div class=\"elementor-icon-box-content\">\n\n\t\t\t\t\t\t\t\t\t<h3 class=\"elementor-icon-box-title\">\n\t\t\t\t\t\t<span  >\n\t\t\t\t\t\t\tEscribenos\t\t\t\t\t\t<\/span>\n\t\t\t\t\t<\/h3>\n\t\t\t\t\n\t\t\t\t\n\t\t\t<\/div>\n\t\t\t\n\t\t<\/div>\n\t\t\t\t\t\t<\/div>\n\t\t\t\t<div class=\"elementor-element elementor-element-77f8026 elementor-widget elementor-widget-text-editor\" data-id=\"77f8026\" data-element_type=\"widget\" data-e-type=\"widget\" data-widget_type=\"text-editor.default\">\n\t\t\t\t\t\t\t\t\t<p><a href=\"mailto:info@aefpi.com\">info@aefpi.com\u00a0<\/a><\/p>\t\t\t\t\t\t\t\t<\/div>\n\t\t\t\t<\/div>\n\t\t<div class=\"elementor-element elementor-element-78feaaf e-con-full e-flex e-con e-child\" data-id=\"78feaaf\" data-element_type=\"container\" data-e-type=\"container\" data-settings=\"{&quot;background_background&quot;:&quot;classic&quot;}\">\n\t\t\t\t<div class=\"elementor-element elementor-element-2c11244 elementor-view-default elementor-position-block-start elementor-mobile-position-block-start elementor-widget elementor-widget-icon-box\" data-id=\"2c11244\" data-element_type=\"widget\" data-e-type=\"widget\" data-widget_type=\"icon-box.default\">\n\t\t\t\t\t\t\t<div class=\"elementor-icon-box-wrapper\">\n\n\t\t\t\t\t\t<div class=\"elementor-icon-box-icon\">\n\t\t\t\t<span  class=\"elementor-icon\">\n\t\t\t\t<svg xmlns=\"http:\/\/www.w3.org\/2000\/svg\" id=\"f6ea2c0c-f2cb-411f-a76e-d9ff8e2e3e30\" data-name=\"Layer 1\" width=\"74.6425\" height=\"66\" viewbox=\"0 0 74.6425 66\"><path id=\"b905bc68-c760-43fd-b060-d8a17e0f3f05\" data-name=\"Fill-1-Copy-3\" d=\"M53.3653,19.386c-9.8693,32.2855,6.1235,31.8329-7.1389,41.2306A29.1943,29.1943,0,0,1,5.3387,53.4179a29.7533,29.7533,0,0,1,7.1385-41.23C25.74,2.79,63.2345-12.8994,53.3653,19.386\" style=\"fill-rule:evenodd;opacity:0.05\"><\/path><path id=\"bb480981-e87c-4874-81fd-4f52e72529de\" data-name=\"Fill-1\" d=\"M55.5,18.2726A10.2274,10.2274,0,1,0,65.7265,28.5,10.2386,10.2386,0,0,0,55.5,18.2726M55.5,41A12.5,12.5,0,1,1,68,28.5,12.5142,12.5142,0,0,1,55.5,41\" style=\"fill:#4632da;fill-rule:evenodd\"><\/path><path d=\"M55.5,16A12.5,12.5,0,1,0,68,28.5,12.5137,12.5137,0,0,0,55.5,16Zm0,22.7274A10.2274,10.2274,0,1,1,65.7266,28.5,10.2386,10.2386,0,0,1,55.5,38.7274Z\" style=\"fill-rule:evenodd\"><\/path><path d=\"M55.3212,8.7679A19.2859,19.2859,0,0,0,36,27.9747c0,18.57,17.8194,34.0981,18.5777,34.75a1.1416,1.1416,0,0,0,1.4865,0c.7582-.6519,18.5785-16.18,18.5785-34.75A19.2864,19.2864,0,0,0,55.3212,8.7679Zm0,51.5711c-3.3749-3.1558-17.0485-16.9039-17.0485-32.3643a17.0483,17.0483,0,0,1,34.096,0C72.3687,43.4188,58.6933,57.1805,55.3212,60.339Z\" style=\"fill-rule:evenodd\"><\/path><\/svg>\t\t\t\t<\/span>\n\t\t\t<\/div>\n\t\t\t\n\t\t\t\t\t\t<div class=\"elementor-icon-box-content\">\n\n\t\t\t\t\t\t\t\t\t<h3 class=\"elementor-icon-box-title\">\n\t\t\t\t\t\t<span  >\n\t\t\t\t\t\t\tDonde estamos\t\t\t\t\t\t<\/span>\n\t\t\t\t\t<\/h3>\n\t\t\t\t\n\t\t\t\t\n\t\t\t<\/div>\n\t\t\t\n\t\t<\/div>\n\t\t\t\t\t\t<\/div>\n\t\t\t\t<div class=\"elementor-element elementor-element-e679cd6 elementor-widget elementor-widget-text-editor\" data-id=\"e679cd6\" data-element_type=\"widget\" data-e-type=\"widget\" data-widget_type=\"text-editor.default\">\n\t\t\t\t\t\t\t\t\t<p>Misioneras Cocepcionistas,13 Algeciras. C\u00e1diz Espa\u00f1a.<\/p>\t\t\t\t\t\t\t\t<\/div>\n\t\t\t\t<\/div>\n\t\t\t\t<\/div>\n\t\t\t\t\t<\/div>\n\t\t\t\t<\/div>\n\t\t<div class=\"elementor-element elementor-element-e39d2b0 e-con-full e-flex e-con e-parent\" data-id=\"e39d2b0\" data-element_type=\"container\" data-e-type=\"container\">\n\t\t<div class=\"elementor-element elementor-element-026b678 e-con-full e-flex e-con e-child\" data-id=\"026b678\" data-element_type=\"container\" data-e-type=\"container\">\n\t\t<div class=\"elementor-element elementor-element-4cfbdd9 e-con-full e-flex e-con e-child\" data-id=\"4cfbdd9\" data-element_type=\"container\" data-e-type=\"container\">\n\t\t<div class=\"elementor-element elementor-element-c64cacd e-con-full e-flex e-con e-child\" data-id=\"c64cacd\" data-element_type=\"container\" data-e-type=\"container\">\n\t\t<div class=\"elementor-element elementor-element-864457e e-con-full e-flex e-con e-child\" data-id=\"864457e\" data-element_type=\"container\" data-e-type=\"container\">\n\t\t<div class=\"elementor-element elementor-element-ed29c5a e-con-full e-flex e-con e-child\" data-id=\"ed29c5a\" data-element_type=\"container\" data-e-type=\"container\">\n\t\t<div class=\"elementor-element elementor-element-620f925 e-con-full e-flex e-con e-child\" data-id=\"620f925\" data-element_type=\"container\" data-e-type=\"container\">\n\t\t<div class=\"elementor-element elementor-element-ebd6990 e-con-full e-flex e-con e-child\" data-id=\"ebd6990\" data-element_type=\"container\" data-e-type=\"container\">\n\t\t<div class=\"elementor-element elementor-element-dbe492d e-con-full e-flex e-con e-child\" data-id=\"dbe492d\" data-element_type=\"container\" data-e-type=\"container\" data-settings=\"{&quot;background_background&quot;:&quot;gradient&quot;}\">\n\t\t<div class=\"elementor-element elementor-element-b12c967 e-con-full e-flex e-con e-child\" data-id=\"b12c967\" data-element_type=\"container\" data-e-type=\"container\">\n\t\t\t\t<div class=\"elementor-element elementor-element-892e4b5 elementor-widget elementor-widget-contact\" data-id=\"892e4b5\" data-element_type=\"widget\" data-e-type=\"widget\" data-settings=\"{&quot;box_shape&quot;:&quot;sharp&quot;}\" data-widget_type=\"contact.default\">\n\t\t\t\t<div class=\"elementor-widget-container\">\n\t\t\t\t\t\t\t<div class=\"has-shape-sharp shape-type-box ehp-contact has-preset-quick-info\">\n\t\t\t<div class=\"ehp-contact__overlay\"><\/div>\n\t\t\t<div class=\"ehp-contact__elements-container\">\n\t\t\t\t\t\t<div class=\"ehp-contact__text-container\">\n\t\t\t<div class=\"ehp-contact__headings\">\n\t\t\t\t<h2 class=\"ehp-contact__heading\">AEFPI<\/h2><p class=\"ehp-contact__description\">\u201cPromovemos una Formaci\u00f3n Profesional inclusiva y accesible para todas las personas. AEFPI, juntos por una educaci\u00f3n sin barreras.\u201d<\/p>\t\t\t<\/div>\n\t\t\t<div class=\"ehp-contact__groups\">\n\t\t\t\t\t\t<div class=\"ehp-contact__group\">\n\t\t\t\t\t<div class=\"ehp-contact__social-icons-container\">\n\t\t\t\t\t\t\t<a aria-label=\"Instagram\" class=\"ehp-contact__social-link elementor-animation-shrink\" rel=\"noopener noreferrer\" href=\"https:\/\/www.instagram.com\/\">\n\t\t\t\t\t<svg aria-hidden=\"true\" class=\"ehp-contact__contact-social-icon e-font-icon-svg e-fab-instagram\" viewbox=\"0 0 448 512\" xmlns=\"http:\/\/www.w3.org\/2000\/svg\"><path d=\"M224.1 141c-63.6 0-114.9 51.3-114.9 114.9s51.3 114.9 114.9 114.9S339 319.5 339 255.9 287.7 141 224.1 141zm0 189.6c-41.1 0-74.7-33.5-74.7-74.7s33.5-74.7 74.7-74.7 74.7 33.5 74.7 74.7-33.6 74.7-74.7 74.7zm146.4-194.3c0 14.9-12 26.8-26.8 26.8-14.9 0-26.8-12-26.8-26.8s12-26.8 26.8-26.8 26.8 12 26.8 26.8zm76.1 27.2c-1.7-35.9-9.9-67.7-36.2-93.9-26.2-26.2-58-34.4-93.9-36.2-37-2.1-147.9-2.1-184.9 0-35.8 1.7-67.6 9.9-93.9 36.1s-34.4 58-36.2 93.9c-2.1 37-2.1 147.9 0 184.9 1.7 35.9 9.9 67.7 36.2 93.9s58 34.4 93.9 36.2c37 2.1 147.9 2.1 184.9 0 35.9-1.7 67.7-9.9 93.9-36.2 26.2-26.2 34.4-58 36.2-93.9 2.1-37 2.1-147.8 0-184.8zM398.8 388c-7.8 19.6-22.9 34.7-42.6 42.6-29.5 11.7-99.5 9-132.1 9s-102.7 2.6-132.1-9c-19.6-7.8-34.7-22.9-42.6-42.6-11.7-29.5-9-99.5-9-132.1s-2.6-102.7 9-132.1c7.8-19.6 22.9-34.7 42.6-42.6 29.5-11.7 99.5-9 132.1-9s102.7-2.6 132.1 9c19.6 7.8 34.7 22.9 42.6 42.6 11.7 29.5 9 99.5 9 132.1s2.7 102.7-9 132.1z\"><\/path><\/svg>\t\t\t\t<\/a>\n\t\t\t\t\t\t\t\t<a aria-label=\"Email\" class=\"ehp-contact__social-link elementor-animation-shrink\" rel=\"noopener noreferrer\" href=\"mailto:info@aefpi.com\">\n\t\t\t\t\t<svg aria-hidden=\"true\" class=\"ehp-contact__contact-social-icon e-font-icon-svg e-far-envelope\" viewbox=\"0 0 512 512\" xmlns=\"http:\/\/www.w3.org\/2000\/svg\"><path d=\"M464 64H48C21.49 64 0 85.49 0 112v288c0 26.51 21.49 48 48 48h416c26.51 0 48-21.49 48-48V112c0-26.51-21.49-48-48-48zm0 48v40.805c-22.422 18.259-58.168 46.651-134.587 106.49-16.841 13.247-50.201 45.072-73.413 44.701-23.208.375-56.579-31.459-73.413-44.701C106.18 199.465 70.425 171.067 48 152.805V112h416zM48 400V214.398c22.914 18.251 55.409 43.862 104.938 82.646 21.857 17.205 60.134 55.186 103.062 54.955 42.717.231 80.509-37.199 103.053-54.947 49.528-38.783 82.032-64.401 104.947-82.653V400H48z\"><\/path><\/svg>\t\t\t\t<\/a>\n\t\t\t\t\t\t<\/div>\n\t\t\t\t<\/div>\n\t\t\t\t\t<\/div>\n\t\t<\/div>\n\t\t\t\t\t<\/div>\n\t\t<\/div>\n\t\t\t\t\t\t<\/div>\n\t\t\t\t<\/div>\n\t\t\t\t<div class=\"elementor-element elementor-element-a2580e9 elementor-hidden-desktop elementor-hidden-mobile elementor-widget elementor-widget-heading\" data-id=\"a2580e9\" data-element_type=\"widget\" data-e-type=\"widget\" data-widget_type=\"heading.default\">\n\t\t\t\t\t<h2 class=\"elementor-heading-title elementor-size-default\">INFORMACI\u00d3N LEGAL<\/h2>\t\t\t\t<\/div>\n\t\t\t\t<div class=\"elementor-element elementor-element-49043d9 elementor-hidden-desktop elementor-hidden-mobile elementor-widget elementor-widget-text-editor\" data-id=\"49043d9\" data-element_type=\"widget\" data-e-type=\"widget\" data-widget_type=\"text-editor.default\">\n\t\t\t\t\t\t\t\t\t<p><a href=\"https:\/\/aefpi.com\/aviso-legal\">Aviso Legal<\/a><\/p><p>Pol\u00edtica de Privacidad<\/p><p>Pol\u00edtica de Cookies<\/p>\t\t\t\t\t\t\t\t<\/div>\n\t\t\t\t<div class=\"elementor-element elementor-element-c3649da elementor-hidden-mobile elementor-widget elementor-widget-text-editor\" data-id=\"c3649da\" data-element_type=\"widget\" data-e-type=\"widget\" data-widget_type=\"text-editor.default\">\n\t\t\t\t\t\t\t\t\t<p>\u00a9 Copyright 2025 AEFPI. Designed by\u00a0<a href=\"http:\/\/www.rim-ic.com\/\">RIM\u00a0<strong>Inform\u00e1tica<\/strong>\u00a0S.L.<\/a><\/p>\t\t\t\t\t\t\t\t<\/div>\n\t\t\t\t<\/div>\n\t\t<div class=\"elementor-element elementor-element-f6067cf e-con-full e-flex e-con e-child\" data-id=\"f6067cf\" data-element_type=\"container\" data-e-type=\"container\">\n\t\t\t\t<div class=\"elementor-element elementor-element-6b84a9a elementor-widget elementor-widget-heading\" data-id=\"6b84a9a\" data-element_type=\"widget\" data-e-type=\"widget\" data-widget_type=\"heading.default\">\n\t\t\t\t\t<h2 class=\"elementor-heading-title elementor-size-default\">CONTACTO<\/h2>\t\t\t\t<\/div>\n\t\t\t\t<div class=\"elementor-element elementor-element-0a95fb2 elementor-widget elementor-widget-text-editor\" data-id=\"0a95fb2\" data-element_type=\"widget\" data-e-type=\"widget\" data-widget_type=\"text-editor.default\">\n\t\t\t\t\t\t\t\t\t<p>Misioneras Cocepcionistas,13 Algeciras.<\/p><p>C\u00e1diz Espa\u00f1a.<\/p>\t\t\t\t\t\t\t\t<\/div>\n\t\t\t\t<div class=\"elementor-element elementor-element-0a32a12 elementor-widget elementor-widget-text-editor\" data-id=\"0a32a12\" data-element_type=\"widget\" data-e-type=\"widget\" data-widget_type=\"text-editor.default\">\n\t\t\t\t\t\t\t\t\t<p><a href=\"tel:+34640538888\">+34 640 53 88 88<\/a><\/p>\t\t\t\t\t\t\t\t<\/div>\n\t\t\t\t<\/div>\n\t\t<div class=\"elementor-element elementor-element-c452a69 e-con-full elementor-hidden-tablet e-flex e-con e-child\" data-id=\"c452a69\" data-element_type=\"container\" data-e-type=\"container\">\n\t\t\t\t<div class=\"elementor-element elementor-element-a719845 elementor-widget elementor-widget-heading\" data-id=\"a719845\" data-element_type=\"widget\" data-e-type=\"widget\" data-widget_type=\"heading.default\">\n\t\t\t\t\t<h2 class=\"elementor-heading-title elementor-size-default\">INFORMACI\u00d3N LEGAL<\/h2>\t\t\t\t<\/div>\n\t\t\t\t<div class=\"elementor-element elementor-element-d180aa2 elementor-widget elementor-widget-text-editor\" data-id=\"d180aa2\" data-element_type=\"widget\" data-e-type=\"widget\" data-widget_type=\"text-editor.default\">\n\t\t\t\t\t\t\t\t\t<p><a href=\"https:\/\/aefpi.com\/aviso-legal\">Aviso Legal<\/a><\/p><p><a href=\"https:\/\/aefpi.com\/politica-de-privacidad\/\">Pol\u00edtica de Privacidad<\/a><\/p><p><a href=\"https:\/\/aefpi.com\/politica-de-cookies\/\">Pol\u00edtica de Cookies<\/a><\/p>\t\t\t\t\t\t\t\t<\/div>\n\t\t\t\t<div class=\"elementor-element elementor-element-06746fc elementor-hidden-desktop elementor-hidden-tablet elementor-widget elementor-widget-text-editor\" data-id=\"06746fc\" data-element_type=\"widget\" data-e-type=\"widget\" data-widget_type=\"text-editor.default\">\n\t\t\t\t\t\t\t\t\t<p>\u00a9 Copyright 2025 AEFPI. Designed by\u00a0<a href=\"http:\/\/www.rim-ic.com\/\">RIM\u00a0<strong>Inform\u00e1tica<\/strong>\u00a0S.L.<\/a><\/p>\t\t\t\t\t\t\t\t<\/div>\n\t\t\t\t<\/div>\n\t\t\t\t<\/div>\n\t\t\t\t<\/div>\n\t\t\t\t<\/div>\n\t\t\t\t<\/div>\n\t\t\t\t<\/div>\n\t\t\t\t<\/div>\n\t\t\t\t<\/div>\n\t\t\t\t<\/div>\n\t\t\t\t<\/div>\n\t\t\t\t<\/div>","protected":false},"excerpt":{"rendered":"<p>Contacta con AEFPI Estamos aqu\u00ed para ayudarte. \u201cContacta con AEFPI \u2014 Queremos saber de ti\u201d \u00bfTienes una consulta, una propuesta de colaboraci\u00f3n o quieres m\u00e1s informaci\u00f3n?\u00a0 Escr\u00edbenos y te responderemos lo antes posible. Encu\u00e9ntranos Llamanos +34 640 53 88 88 Escribenos info@aefpi.com\u00a0 Donde estamos Misioneras Cocepcionistas,13 Algeciras. C\u00e1diz Espa\u00f1a. AEFPI \u201cPromovemos una Formaci\u00f3n Profesional inclusiva [&hellip;]<\/p>\n","protected":false},"author":1,"featured_media":0,"parent":0,"menu_order":0,"comment_status":"closed","ping_status":"closed","template":"elementor_header_footer","meta":{"footnotes":""},"class_list":["post-129","page","type-page","status-publish","hentry"],"rttpg_featured_image_url":null,"rttpg_author":{"display_name":"admin3139","author_link":"https:\/\/aefpi.com\/en\/author\/admin3139\/"},"rttpg_comment":0,"rttpg_category":null,"rttpg_excerpt":"Contacta con AEFPI Estamos aqu\u00ed para ayudarte. \u201cContacta con AEFPI \u2014 Queremos saber de ti\u201d \u00bfTienes una consulta, una propuesta de colaboraci\u00f3n o quieres m\u00e1s informaci\u00f3n?\u00a0 Escr\u00edbenos y te responderemos lo antes posible. Encu\u00e9ntranos Llamanos +34 640 53 88 88 Escribenos info@aefpi.com\u00a0 Donde estamos Misioneras Cocepcionistas,13 Algeciras. C\u00e1diz Espa\u00f1a. AEFPI \u201cPromovemos una Formaci\u00f3n Profesional inclusiva&hellip;","_links":{"self":[{"href":"https:\/\/aefpi.com\/en\/wp-json\/wp\/v2\/pages\/129","targetHints":{"allow":["GET"]}}],"collection":[{"href":"https:\/\/aefpi.com\/en\/wp-json\/wp\/v2\/pages"}],"about":[{"href":"https:\/\/aefpi.com\/en\/wp-json\/wp\/v2\/types\/page"}],"author":[{"embeddable":true,"href":"https:\/\/aefpi.com\/en\/wp-json\/wp\/v2\/users\/1"}],"replies":[{"embeddable":true,"href":"https:\/\/aefpi.com\/en\/wp-json\/wp\/v2\/comments?post=129"}],"version-history":[{"count":92,"href":"https:\/\/aefpi.com\/en\/wp-json\/wp\/v2\/pages\/129\/revisions"}],"predecessor-version":[{"id":2935,"href":"https:\/\/aefpi.com\/en\/wp-json\/wp\/v2\/pages\/129\/revisions\/2935"}],"wp:attachment":[{"href":"https:\/\/aefpi.com\/en\/wp-json\/wp\/v2\/media?parent=129"}],"curies":[{"name":"wp","href":"https:\/\/api.w.org\/{rel}","templated":true}]}}